{"id":73291,"date":"2019-05-17T12:53:46","date_gmt":"2019-05-17T11:53:46","guid":{"rendered":"https:\/\/www.lastminuteinfo.be\/?page_id=73291"},"modified":"2019-05-17T12:53:46","modified_gmt":"2019-05-17T11:53:46","slug":"fastminutes","status":"publish","type":"page","link":"https:\/\/www.lastminuteinfo.be\/fr\/sunweb\/fastminutes\/","title":{"rendered":"Fast Minutes Deals"},"content":{"rendered":"<p><img loading=\"lazy\" decoding=\"async\" src=\"https:\/\/www.lastminuteinfo.be\/wp-content\/uploads\/fast-minutes-1024x464.png\" alt=\"\" width=\"1024\" height=\"464\" class=\"aligncenter size-large wp-image-73295\" srcset=\"https:\/\/www.lastminuteinfo.be\/wp-content\/uploads\/fast-minutes-1024x464.png 1024w, https:\/\/www.lastminuteinfo.be\/wp-content\/uploads\/fast-minutes-300x136.png 300w, https:\/\/www.lastminuteinfo.be\/wp-content\/uploads\/fast-minutes-768x348.png 768w\" sizes=\"auto, (max-width: 1024px) 100vw, 1024px\" \/><\/p>\n<p style=\"text-align: center;\"><a class=\"button\" href=\"https:\/\/www.sunweb.be\/fr\/vacances\/sunweb-deals\" target=\"_blank\" rel=\"noopener noreferrer\">Vers Sunweb &raquo;<\/a><\/p>\n<p>Vous voulez r\u00e9server de merveilleuses vacances? Sunweb a alors quelque chose de sp\u00e9cial pour vous! Avec ou Fast Minutes, vous pouvez marquer des vacances en avion tr\u00e8s \u00e9conomiques. Il y a des accords avec les d\u00e9parts dans quelques mois. Je dois pouvoir d\u00e9cider rapidement, vouloir parti = parti!<\/p>\n<p>Sunweb fonctionne avec 2 types de minutes rapides:<\/p>\n<ul>\n<li><strong>Deals du weekend<\/strong>: Valable du vendredi 16h au lundi 11h, d\u00e9part dans les 6 semaines<\/li>\n<li><strong>Deals du jour<\/strong>: peut seulement \u00eatre r\u00e9serv\u00e9 aujourd&rsquo;hui, jusqu&rsquo;\u00e0 \u00e9puisement des stocks<\/li>\n<\/ul>\n<p>Acc\u00e9dez directement aux meilleures offres !<br \/>\n<a href=\"https:\/\/www.sunweb.be\/fr\/vacances\/sunweb-deals\" target=\"_blank\" rel=\"noopener noreferrer\">https:\/\/www.sunweb.be\/fr\/vacances\/sunweb-deals<\/a><\/p>\n","protected":false},"excerpt":{"rendered":"<p>Vers Sunweb &raquo; Vous voulez r\u00e9server de merveilleuses vacances? Sunweb a alors quelque chose de sp\u00e9cial pour vous! Avec ou Fast Minutes, vous pouvez marquer des vacances en avion tr\u00e8s \u00e9conomiques. Il y a des accords avec les d\u00e9parts dans quelques mois. Je dois pouvoir d\u00e9cider rapidement, vouloir parti = parti! Sunweb fonctionne avec 2 &#8230; <a title=\"Fast Minutes Deals\" class=\"read-more\" href=\"https:\/\/www.lastminuteinfo.be\/fr\/sunweb\/fastminutes\/\" aria-label=\"Read more about Fast Minutes Deals\">Read more<\/a><\/p>\n","protected":false},"author":2,"featured_media":0,"parent":72696,"menu_order":0,"comment_status":"closed","ping_status":"closed","template":"","meta":{"footnotes":""},"class_list":["post-73291","page","type-page","status-publish"],"_links":{"self":[{"href":"https:\/\/www.lastminuteinfo.be\/fr\/wp-json\/wp\/v2\/pages\/73291","targetHints":{"allow":["GET"]}}],"collection":[{"href":"https:\/\/www.lastminuteinfo.be\/fr\/wp-json\/wp\/v2\/pages"}],"about":[{"href":"https:\/\/www.lastminuteinfo.be\/fr\/wp-json\/wp\/v2\/types\/page"}],"author":[{"embeddable":true,"href":"https:\/\/www.lastminuteinfo.be\/fr\/wp-json\/wp\/v2\/users\/2"}],"replies":[{"embeddable":true,"href":"https:\/\/www.lastminuteinfo.be\/fr\/wp-json\/wp\/v2\/comments?post=73291"}],"version-history":[{"count":0,"href":"https:\/\/www.lastminuteinfo.be\/fr\/wp-json\/wp\/v2\/pages\/73291\/revisions"}],"up":[{"embeddable":true,"href":"https:\/\/www.lastminuteinfo.be\/fr\/wp-json\/wp\/v2\/pages\/72696"}],"wp:attachment":[{"href":"https:\/\/www.lastminuteinfo.be\/fr\/wp-json\/wp\/v2\/media?parent=73291"}],"curies":[{"name":"wp","href":"https:\/\/api.w.org\/{rel}","templated":true}]}}